{"id":841,"date":"2025-01-13T10:37:01","date_gmt":"2025-01-13T10:37:01","guid":{"rendered":"https:\/\/seguro.expert\/?page_id=841"},"modified":"2025-01-13T10:40:10","modified_gmt":"2025-01-13T10:40:10","slug":"warunki-uzytkowania","status":"publish","type":"page","link":"https:\/\/seguro.expert\/pl\/warunki-uzytkowania\/","title":{"rendered":"Warunki u\u017cytkowania"},"content":{"rendered":"<div data-elementor-type=\"wp-page\" data-elementor-id=\"841\" class=\"elementor elementor-841\" data-elementor-post-type=\"page\">\n\t\t\t\t<div class=\"elementor-element elementor-element-3609b2d e-flex e-con-boxed e-con e-parent\" data-id=\"3609b2d\" data-element_type=\"container\" data-e-type=\"container\">\n\t\t\t\t\t<div class=\"e-con-inner\">\n\t\t\t\t<div class=\"elementor-element elementor-element-2b95e81 elementor-widget elementor-widget-text-editor\" data-id=\"2b95e81\" data-element_type=\"widget\" data-e-type=\"widget\" data-widget_type=\"text-editor.default\">\n\t\t\t\t<div class=\"elementor-widget-container\">\n\t\t\t\t\t\t\t\t\t<p><strong>Ostatnia aktualizacja: 13.01.2025<\/strong><\/p>\t\t\t\t\t\t\t\t<\/div>\n\t\t\t\t<\/div>\n\t\t\t\t<div class=\"elementor-element elementor-element-11e4521 elementor-widget elementor-widget-text-editor\" data-id=\"11e4521\" data-element_type=\"widget\" data-e-type=\"widget\" data-widget_type=\"text-editor.default\">\n\t\t\t\t<div class=\"elementor-widget-container\">\n\t\t\t\t\t\t\t\t\t<p>Niniejsze Warunki korzystania reguluj\u0105 dost\u0119p do witryny internetowej. <strong>seguro.expert<\/strong> (zwanej dalej \u201cStron\u0105\u201d) i jej u\u017cytkowaniem. Korzystaj\u0105c z tej Strony, akceptujesz niniejsze warunki. W przypadku braku akceptacji prosimy o zaprzestanie korzystania ze Strony.<\/p><h2><strong>1. Postanowienia og\u00f3lne<\/strong><\/h2><p>1.1. W\u0142a\u015bcicielem i operatorem witryny jest <strong>Olesya Brych<\/strong>.<br \/>1.2. Warunki korzystania mog\u0105 ulec zmianie bez powiadomienia. Zaktualizowane warunki b\u0119d\u0105 dost\u0119pne na tej stronie.<\/p><h2><strong>2. Korzystanie z serwisu<\/strong><\/h2><p>2.1. Mo\u017cesz korzysta\u0107 z tej Witryny wy\u0142\u0105cznie w celach zgodnych z prawem, w tym:<\/p><ul><li>Uzyskiwanie informacji o produktach i us\u0142ugach ubezpieczeniowych.<\/li><li>Skontaktuj si\u0119 z Olesy\u0105 Brych za pomoc\u0105 formularza kontaktowego lub innymi dost\u0119pnymi sposobami.<\/li><\/ul><p>2.2. Zabrania si\u0119:<\/p><ul><li>Nie u\u017cywaj witryny do cel\u00f3w niezgodnych z prawem.<\/li><li>Hackowa\u0107, modyfikowa\u0107 lub narusza\u0107 bezpiecze\u0144stwo Witryny.<\/li><li>U\u017cywaj informacji zawartych na stronie bez pozwolenia.<\/li><\/ul><h2><strong>3. W\u0142asno\u015b\u0107 intelektualna<\/strong><\/h2><p>3.1. Wszystkie materia\u0142y prezentowane na Stronie (teksty, obrazy, logo, filmy itp.) stanowi\u0105 w\u0142asno\u015b\u0107 intelektualn\u0105. <strong>Olesia Brych<\/strong> lub partner\u00f3w, o ile nie zaznaczono inaczej.<br \/>3.2. Zabrania si\u0119 kopiowania, rozpowszechniania lub wykorzystywania materia\u0142\u00f3w bez uprzedniej pisemnej zgody.<\/p><h2><strong>4. Zastrze\u017cenie<\/strong><\/h2><p>4.1. Wszystkie informacje na Stronie s\u0105 udost\u0119pniane \u201ctak jak s\u0105\u201d bez gwarancji dok\u0142adno\u015bci lub kompletno\u015bci.<br \/>4.2. Nie ponosimy odpowiedzialno\u015bci za:<\/p><ul><li>Awarie techniczne w dzia\u0142aniu Serwisu.<\/li><li>B\u0142\u0119dy lub pomini\u0119cia w publikowanych informacjach.<\/li><li>Dzia\u0142ania u\u017cytkownik\u00f3w wykorzystuj\u0105cych informacje zawarte na Stronie.<\/li><\/ul><p>4.3. U\u017cytkownik podejmuje wszelkie decyzje na podstawie informacji zawartych na Stronie na w\u0142asne ryzyko.<\/p><h2><strong>5. Linki do stron trzecich<\/strong><\/h2><p>5.1. Witryna mo\u017ce zawiera\u0107 linki do zasob\u00f3w stron trzecich (np. strony internetowej DKV). Nie ponosimy odpowiedzialno\u015bci za ich tre\u015b\u0107, polityk\u0119 prywatno\u015bci ani dzia\u0142ania.<br \/>5.2. Korzystanie z zasob\u00f3w os\u00f3b trzecich odbywa si\u0119 na w\u0142asne ryzyko u\u017cytkownika.<\/p><h2><strong>6. Przetwarzanie danych osobowych<\/strong><\/h2><p>6.1. Przetwarzanie Twoich danych osobowych jest regulowane <a href=\"https:\/\/seguro.expert\/pl\/polityka-poufnosci\/\">Polityka prywatno\u015bci<\/a>, dost\u0119pne poni\u017cej <a href=\"https:\/\/seguro.expert\/pl\/polityka-poufnosci\/\">https:\/\/seguro.expert\/polityka-konfidenczijnosti\/<\/a>.<br \/>6.2. Przesy\u0142aj\u0105c swoje dane za po\u015brednictwem formularza kontaktowego wyra\u017casz zgod\u0119 na ich przetwarzanie zgodnie z niniejsz\u0105 Polityk\u0105.<\/p><h2><strong>7. Pliki cookie<\/strong><\/h2><p>7.1. Korzystaj\u0105c ze Strony, wyra\u017casz zgod\u0119 na wykorzystywanie plik\u00f3w cookie w celu gromadzenia danych analitycznych i usprawniania dzia\u0142ania Strony.<br \/>7.2. Ustawienia dotycz\u0105ce plik\u00f3w cookies mo\u017cesz zmieni\u0107 w swojej przegl\u0105darce.<\/p><h2><strong>8. Zmiany w Warunkach korzystania<\/strong><\/h2><p>8.1. Zastrzegamy sobie prawo do zmiany niniejszych Warunk\u00f3w w dowolnym momencie i bez uprzedniego powiadomienia.<br \/>8.2. Zaktualizowane warunki korzystania z serwisu s\u0105 publikowane na tej stronie i wchodz\u0105 w \u017cycie z chwil\u0105 ich opublikowania.<\/p><h2><strong>9. Kontakty<\/strong><\/h2><p>Je\u015bli masz jakiekolwiek pytania dotycz\u0105ce niniejszego Regulaminu, skontaktuj si\u0119 z nami:<\/p><ul><li><strong>E-mail:<\/strong> <a href=\"mailto:info@seguro.expert\">info@seguro.expert<\/a><\/li><\/ul><h2><strong>10. Ustawodawstwo<\/strong><\/h2><p>Niniejsze Warunki podlegaj\u0105 prawu hiszpa\u0144skiemu. Wszelkie spory b\u0119d\u0105 rozstrzygane przez s\u0105dy w\u0142a\u015bciwe dla miejsca rejestracji. <strong>Olesia Brych<\/strong>.<\/p>\t\t\t\t\t\t\t\t<\/div>\n\t\t\t\t<\/div>\n\t\t\t\t\t<\/div>\n\t\t\t\t<\/div>\n\t\t\t\t<\/div>","protected":false},"excerpt":{"rendered":"<p>\u041e\u0441\u0442\u0430\u043d\u043d\u0454 \u043e\u043d\u043e\u0432\u043b\u0435\u043d\u043d\u044f: 13.01.2025 \u0426\u0456 \u0423\u043c\u043e\u0432\u0438 \u0432\u0438\u043a\u043e\u0440\u0438\u0441\u0442\u0430\u043d\u043d\u044f \u0440\u0435\u0433\u0443\u043b\u044e\u044e\u0442\u044c \u0434\u043e\u0441\u0442\u0443\u043f \u0434\u043e \u0432\u0435\u0431\u0441\u0430\u0439\u0442\u0443 seguro.expert (\u0434\u0430\u043b\u0456 \u2014 &#8220;\u0421\u0430\u0439\u0442&#8221;) \u0442\u0430 \u0439\u043e\u0433\u043e \u0432\u0438\u043a\u043e\u0440\u0438\u0441\u0442\u0430\u043d\u043d\u044f. \u0412\u0438\u043a\u043e\u0440\u0438\u0441\u0442\u043e\u0432\u0443\u044e\u0447\u0438 \u0446\u0435\u0439 \u0421\u0430\u0439\u0442, \u0432\u0438 \u043f\u043e\u0433\u043e\u0434\u0436\u0443\u0454\u0442\u0435\u0441\u044c \u0456\u0437 \u0446\u0438\u043c\u0438 \u0443\u043c\u043e\u0432\u0430\u043c\u0438. \u042f\u043a\u0449\u043e \u0432\u0438 \u043d\u0435 \u0437\u0433\u043e\u0434\u043d\u0456 \u0437 \u043d\u0438\u043c\u0438, \u0431\u0443\u0434\u044c \u043b\u0430\u0441\u043a\u0430, \u043f\u0440\u0438\u043f\u0438\u043d\u0456\u0442\u044c \u0432\u0438\u043a\u043e\u0440\u0438\u0441\u0442\u0430\u043d\u043d\u044f \u0421\u0430\u0439\u0442\u0443. 1. \u0417\u0430\u0433\u0430\u043b\u044c\u043d\u0456 \u043f\u043e\u043b\u043e\u0436\u0435\u043d\u043d\u044f 1.1. \u0421\u0430\u0439\u0442 \u043d\u0430\u043b\u0435\u0436\u0438\u0442\u044c \u0442\u0430 \u0443\u043f\u0440\u0430\u0432\u043b\u044f\u0454\u0442\u044c\u0441\u044f \u041e\u043b\u0435\u0441\u0435\u044e \u0411\u0440\u0438\u0447.1.2. \u0423\u043c\u043e\u0432\u0438 \u0432\u0438\u043a\u043e\u0440\u0438\u0441\u0442\u0430\u043d\u043d\u044f \u043c\u043e\u0436\u0443\u0442\u044c \u0437\u043c\u0456\u043d\u044e\u0432\u0430\u0442\u0438\u0441\u044f \u0431\u0435\u0437 \u043f\u043e\u043f\u0435\u0440\u0435\u0434\u0436\u0435\u043d\u043d\u044f. \u041e\u043d\u043e\u0432\u043b\u0435\u043d\u0456 \u0443\u043c\u043e\u0432\u0438 \u0431\u0443\u0434\u0443\u0442\u044c [&hellip;]<\/p>\n","protected":false},"author":1,"featured_media":0,"parent":0,"menu_order":2,"comment_status":"closed","ping_status":"closed","template":"","meta":{"_acf_changed":false,"footnotes":""},"class_list":["post-841","page","type-page","status-publish","hentry"],"acf":[],"_links":{"self":[{"href":"https:\/\/seguro.expert\/pl\/wp-json\/wp\/v2\/pages\/841","targetHints":{"allow":["GET"]}}],"collection":[{"href":"https:\/\/seguro.expert\/pl\/wp-json\/wp\/v2\/pages"}],"about":[{"href":"https:\/\/seguro.expert\/pl\/wp-json\/wp\/v2\/types\/page"}],"author":[{"embeddable":true,"href":"https:\/\/seguro.expert\/pl\/wp-json\/wp\/v2\/users\/1"}],"replies":[{"embeddable":true,"href":"https:\/\/seguro.expert\/pl\/wp-json\/wp\/v2\/comments?post=841"}],"version-history":[{"count":3,"href":"https:\/\/seguro.expert\/pl\/wp-json\/wp\/v2\/pages\/841\/revisions"}],"predecessor-version":[{"id":845,"href":"https:\/\/seguro.expert\/pl\/wp-json\/wp\/v2\/pages\/841\/revisions\/845"}],"wp:attachment":[{"href":"https:\/\/seguro.expert\/pl\/wp-json\/wp\/v2\/media?parent=841"}],"curies":[{"name":"wp","href":"https:\/\/api.w.org\/{rel}","templated":true}]}}