{"id":841,"date":"2025-01-13T10:37:01","date_gmt":"2025-01-13T10:37:01","guid":{"rendered":"https:\/\/seguro.expert\/?page_id=841"},"modified":"2025-01-13T10:40:10","modified_gmt":"2025-01-13T10:40:10","slug":"umovy-vykorystannya","status":"publish","type":"page","link":"https:\/\/seguro.expert\/es\/umovy-vykorystannya\/","title":{"rendered":"Condiciones de uso"},"content":{"rendered":"<div data-elementor-type=\"wp-page\" data-elementor-id=\"841\" class=\"elementor elementor-841\" data-elementor-post-type=\"page\">\n\t\t\t\t<div class=\"elementor-element elementor-element-3609b2d e-flex e-con-boxed e-con e-parent\" data-id=\"3609b2d\" data-element_type=\"container\" data-e-type=\"container\">\n\t\t\t\t\t<div class=\"e-con-inner\">\n\t\t\t\t<div class=\"elementor-element elementor-element-2b95e81 elementor-widget elementor-widget-text-editor\" data-id=\"2b95e81\" data-element_type=\"widget\" data-e-type=\"widget\" data-widget_type=\"text-editor.default\">\n\t\t\t\t<div class=\"elementor-widget-container\">\n\t\t\t\t\t\t\t\t\t<p><strong>\u00daltima actualizaci\u00f3n: 13.01.2025<\/strong><\/p>\t\t\t\t\t\t\t\t<\/div>\n\t\t\t\t<\/div>\n\t\t\t\t<div class=\"elementor-element elementor-element-11e4521 elementor-widget elementor-widget-text-editor\" data-id=\"11e4521\" data-element_type=\"widget\" data-e-type=\"widget\" data-widget_type=\"text-editor.default\">\n\t\t\t\t<div class=\"elementor-widget-container\">\n\t\t\t\t\t\t\t\t\t<p>Estos T\u00e9rminos de uso rigen el acceso al sitio web. <strong>seguro.experto<\/strong> (en adelante, el &quot;Sitio&quot;) y su uso. Al utilizar este Sitio, usted acepta estos t\u00e9rminos. Si no est\u00e1 de acuerdo con ellos, deje de utilizar el Sitio.<\/p><h2><strong>1. Disposiciones generales<\/strong><\/h2><p>1.1. El sitio es propiedad y est\u00e1 operado por <strong>Olesya Brych<\/strong>.<br \/>1.2. Los t\u00e9rminos de uso est\u00e1n sujetos a cambios sin previo aviso. Los t\u00e9rminos actualizados estar\u00e1n disponibles en esta p\u00e1gina.<\/p><h2><strong>2. Uso del sitio<\/strong><\/h2><p>2.1. Puede utilizar este Sitio s\u00f3lo para fines legales, que incluyen:<\/p><ul><li>Obtenci\u00f3n de informaci\u00f3n sobre productos y servicios de seguros.<\/li><li>Comunicaci\u00f3n con Olesya Brych a trav\u00e9s de formularios de contacto u otros medios disponibles.<\/li><\/ul><p>2.2. Prohibido:<\/p><ul><li>Utilice el sitio para actividades ilegales.<\/li><li>Hackear, modificar o violar la seguridad del Sitio.<\/li><li>Utilice la informaci\u00f3n del sitio sin permiso.<\/li><\/ul><h2><strong>3. Propiedad intelectual<\/strong><\/h2><p>3.1. Todos los materiales presentados en el Sitio (textos, im\u00e1genes, logotipos, videos, etc.) son propiedad intelectual. <strong>Olesya Brych<\/strong> o socios, salvo que se indique lo contrario.<br \/>3.2. Los materiales no se pueden copiar, distribuir ni utilizar sin el consentimiento previo por escrito.<\/p><h2><strong>4. Descargo de responsabilidad<\/strong><\/h2><p>4.1. Toda la informaci\u00f3n del Sitio se proporciona &quot;tal cual&quot; sin garant\u00edas de exactitud o integridad.<br \/>4.2. No somos responsables de:<\/p><ul><li>Fallas t\u00e9cnicas en el funcionamiento del Sitio.<\/li><li>Errores u omisiones en la informaci\u00f3n publicada.<\/li><li>Acciones de los usuarios que utilizan informaci\u00f3n del Sitio.<\/li><\/ul><p>4.3. Todas las decisiones tomadas sobre la base de la informaci\u00f3n del Sitio se toman bajo el propio riesgo del usuario.<\/p><h2><strong>5. Enlaces a terceros<\/strong><\/h2><p>5.1. El sitio puede contener enlaces a recursos de terceros (por ejemplo, el sitio de DKV). No somos responsables de su contenido, pol\u00edticas de privacidad u operaciones.<br \/>5.2. El uso de recursos de terceros se realiza por cuenta y riesgo del usuario.<\/p><h2><strong>6. Tratamiento de datos personales<\/strong><\/h2><p>6.1. El tratamiento de sus datos personales est\u00e1 regulado <a href=\"https:\/\/seguro.expert\/es\/polityka-konfidenczijnosti\/\">Pol\u00edtica de privacidad<\/a>, disponible a continuaci\u00f3n <a href=\"https:\/\/seguro.expert\/es\/polityka-konfidenczijnosti\/\">https:\/\/seguro.expert\/polityka-konfidenczijnosti\/<\/a>.<br \/>6.2. Al enviar tus datos a trav\u00e9s del formulario de contacto, aceptas su tratamiento de acuerdo con la Pol\u00edtica especificada.<\/p><h2><strong>7. Galletas<\/strong><\/h2><p>7.1. Al utilizar el Sitio, acepta el uso de cookies para recopilar datos anal\u00edticos y mejorar el Sitio.<br \/>7.2. Puede cambiar la configuraci\u00f3n de cookies en su navegador.<\/p><h2><strong>8. Cambios a los T\u00e9rminos de uso<\/strong><\/h2><p>8.1. Nos reservamos el derecho de cambiar estos T\u00e9rminos en cualquier momento sin previo aviso.<br \/>8.2. Los t\u00e9rminos y condiciones actualizados se publican en esta p\u00e1gina y entran en vigor al momento de su publicaci\u00f3n.<\/p><h2><strong>9. Contactos<\/strong><\/h2><p>Si tiene alguna pregunta sobre estos T\u00e9rminos, comun\u00edquese con nosotros:<\/p><ul><li><strong>Correo electr\u00f3nico:<\/strong> <a href=\"mailto:info@seguro.expert\">info@seguro.expert<\/a><\/li><\/ul><h2><strong>10. Legislaci\u00f3n<\/strong><\/h2><p>Estos T\u00e9rminos se rigen por la ley espa\u00f1ola. Todas las disputas se consideran en los tribunales del lugar de registro. <strong>Olesya Brych<\/strong>.<\/p>\t\t\t\t\t\t\t\t<\/div>\n\t\t\t\t<\/div>\n\t\t\t\t\t<\/div>\n\t\t\t\t<\/div>\n\t\t\t\t<\/div>","protected":false},"excerpt":{"rendered":"<p>\u041e\u0441\u0442\u0430\u043d\u043d\u0454 \u043e\u043d\u043e\u0432\u043b\u0435\u043d\u043d\u044f: 13.01.2025 \u0426\u0456 \u0423\u043c\u043e\u0432\u0438 \u0432\u0438\u043a\u043e\u0440\u0438\u0441\u0442\u0430\u043d\u043d\u044f \u0440\u0435\u0433\u0443\u043b\u044e\u044e\u0442\u044c \u0434\u043e\u0441\u0442\u0443\u043f \u0434\u043e \u0432\u0435\u0431\u0441\u0430\u0439\u0442\u0443 seguro.expert (\u0434\u0430\u043b\u0456 \u2014 &#8220;\u0421\u0430\u0439\u0442&#8221;) \u0442\u0430 \u0439\u043e\u0433\u043e \u0432\u0438\u043a\u043e\u0440\u0438\u0441\u0442\u0430\u043d\u043d\u044f. \u0412\u0438\u043a\u043e\u0440\u0438\u0441\u0442\u043e\u0432\u0443\u044e\u0447\u0438 \u0446\u0435\u0439 \u0421\u0430\u0439\u0442, \u0432\u0438 \u043f\u043e\u0433\u043e\u0434\u0436\u0443\u0454\u0442\u0435\u0441\u044c \u0456\u0437 \u0446\u0438\u043c\u0438 \u0443\u043c\u043e\u0432\u0430\u043c\u0438. \u042f\u043a\u0449\u043e \u0432\u0438 \u043d\u0435 \u0437\u0433\u043e\u0434\u043d\u0456 \u0437 \u043d\u0438\u043c\u0438, \u0431\u0443\u0434\u044c \u043b\u0430\u0441\u043a\u0430, \u043f\u0440\u0438\u043f\u0438\u043d\u0456\u0442\u044c \u0432\u0438\u043a\u043e\u0440\u0438\u0441\u0442\u0430\u043d\u043d\u044f \u0421\u0430\u0439\u0442\u0443. 1. \u0417\u0430\u0433\u0430\u043b\u044c\u043d\u0456 \u043f\u043e\u043b\u043e\u0436\u0435\u043d\u043d\u044f 1.1. \u0421\u0430\u0439\u0442 \u043d\u0430\u043b\u0435\u0436\u0438\u0442\u044c \u0442\u0430 \u0443\u043f\u0440\u0430\u0432\u043b\u044f\u0454\u0442\u044c\u0441\u044f \u041e\u043b\u0435\u0441\u0435\u044e \u0411\u0440\u0438\u0447.1.2. \u0423\u043c\u043e\u0432\u0438 \u0432\u0438\u043a\u043e\u0440\u0438\u0441\u0442\u0430\u043d\u043d\u044f \u043c\u043e\u0436\u0443\u0442\u044c \u0437\u043c\u0456\u043d\u044e\u0432\u0430\u0442\u0438\u0441\u044f \u0431\u0435\u0437 \u043f\u043e\u043f\u0435\u0440\u0435\u0434\u0436\u0435\u043d\u043d\u044f. \u041e\u043d\u043e\u0432\u043b\u0435\u043d\u0456 \u0443\u043c\u043e\u0432\u0438 \u0431\u0443\u0434\u0443\u0442\u044c [&hellip;]<\/p>\n","protected":false},"author":1,"featured_media":0,"parent":0,"menu_order":2,"comment_status":"closed","ping_status":"closed","template":"","meta":{"_acf_changed":false,"footnotes":""},"class_list":["post-841","page","type-page","status-publish","hentry"],"acf":[],"_links":{"self":[{"href":"https:\/\/seguro.expert\/es\/wp-json\/wp\/v2\/pages\/841","targetHints":{"allow":["GET"]}}],"collection":[{"href":"https:\/\/seguro.expert\/es\/wp-json\/wp\/v2\/pages"}],"about":[{"href":"https:\/\/seguro.expert\/es\/wp-json\/wp\/v2\/types\/page"}],"author":[{"embeddable":true,"href":"https:\/\/seguro.expert\/es\/wp-json\/wp\/v2\/users\/1"}],"replies":[{"embeddable":true,"href":"https:\/\/seguro.expert\/es\/wp-json\/wp\/v2\/comments?post=841"}],"version-history":[{"count":3,"href":"https:\/\/seguro.expert\/es\/wp-json\/wp\/v2\/pages\/841\/revisions"}],"predecessor-version":[{"id":845,"href":"https:\/\/seguro.expert\/es\/wp-json\/wp\/v2\/pages\/841\/revisions\/845"}],"wp:attachment":[{"href":"https:\/\/seguro.expert\/es\/wp-json\/wp\/v2\/media?parent=841"}],"curies":[{"name":"wp","href":"https:\/\/api.w.org\/{rel}","templated":true}]}}