{"id":124,"date":"2024-09-09T16:07:59","date_gmt":"2024-09-09T16:07:59","guid":{"rendered":"https:\/\/seguro.expert\/?page_id=124"},"modified":"2025-01-13T10:50:12","modified_gmt":"2025-01-13T10:50:12","slug":"acerca-de","status":"publish","type":"page","link":"https:\/\/seguro.expert\/es\/acerca-de\/","title":{"rendered":"Sobre la empresa DKV"},"content":{"rendered":"<div data-elementor-type=\"wp-page\" data-elementor-id=\"124\" class=\"elementor elementor-124\" data-elementor-post-type=\"page\">\n\t\t\t\t<div class=\"elementor-element elementor-element-b1ef599 e-flex e-con-boxed e-con e-parent\" data-id=\"b1ef599\" data-element_type=\"container\" data-e-type=\"container\" data-settings=\"{&quot;background_background&quot;:&quot;classic&quot;}\">\n\t\t\t\t\t<div class=\"e-con-inner\">\n\t\t<div class=\"elementor-element elementor-element-bc79620 e-con-full e-flex e-con e-child\" data-id=\"bc79620\" data-element_type=\"container\" data-e-type=\"container\">\n\t\t\t\t<div class=\"elementor-element elementor-element-40bb9d2 elementor-widget elementor-widget-image\" data-id=\"40bb9d2\" data-element_type=\"widget\" data-e-type=\"widget\" data-widget_type=\"image.default\">\n\t\t\t\t<div class=\"elementor-widget-container\">\n\t\t\t\t\t\t\t\t\t\t\t\t\t\t\t<img loading=\"lazy\" decoding=\"async\" width=\"630\" height=\"168\" src=\"https:\/\/seguro.expert\/wp-content\/uploads\/2025\/01\/dkv-logo-e1736686005820.png\" class=\"attachment-large size-large wp-image-726\" alt=\"\" srcset=\"https:\/\/seguro.expert\/wp-content\/uploads\/2025\/01\/dkv-logo-e1736686005820.png 630w, https:\/\/seguro.expert\/wp-content\/uploads\/2025\/01\/dkv-logo-e1736686005820-300x80.png 300w, https:\/\/seguro.expert\/wp-content\/uploads\/2025\/01\/dkv-logo-e1736686005820-18x5.png 18w\" sizes=\"auto, (max-width: 630px) 100vw, 630px\">\t\t\t\t\t\t\t\t\t\t\t\t\t\t\t<\/div>\n\t\t\t\t<\/div>\n\t\t\t\t<\/div>\n\t\t<div class=\"elementor-element elementor-element-2aec159 e-con-full e-flex e-con e-child\" data-id=\"2aec159\" data-element_type=\"container\" data-e-type=\"container\">\n\t\t\t\t<div class=\"elementor-element elementor-element-f23c754 elementor-widget elementor-widget-text-editor\" data-id=\"f23c754\" data-element_type=\"widget\" data-e-type=\"widget\" data-widget_type=\"text-editor.default\">\n\t\t\t\t<div class=\"elementor-widget-container\">\n\t\t\t\t\t\t\t\t\t<p>DKV Seguros es una compa\u00f1\u00eda aseguradora alemana que se fund\u00f3 hace m\u00e1s de 130 a\u00f1os y opera en Espa\u00f1a desde 1998. Forma parte del grupo internacional ERGO, uno de los mayores grupos aseguradores de Europa. DKV tiene una importante presencia en varios pa\u00edses, entre ellos Espa\u00f1a, donde la compa\u00f1\u00eda presta una amplia gama de servicios aseguradores, especialmente en el sector de la salud.<\/p>\t\t\t\t\t\t\t\t<\/div>\n\t\t\t\t<\/div>\n\t\t\t\t<\/div>\n\t\t\t\t\t<\/div>\n\t\t\t\t<\/div>\n\t\t<div class=\"elementor-element elementor-element-e41a4a7 e-flex e-con-boxed e-con e-parent\" data-id=\"e41a4a7\" data-element_type=\"container\" data-e-type=\"container\" data-settings=\"{&quot;background_background&quot;:&quot;classic&quot;}\">\n\t\t\t\t\t<div class=\"e-con-inner\">\n\t\t\t\t<div class=\"elementor-element elementor-element-6c13aaa elementor-widget__width-inherit elementor-widget elementor-widget-heading\" data-id=\"6c13aaa\" data-element_type=\"widget\" data-e-type=\"widget\" data-widget_type=\"heading.default\">\n\t\t\t\t<div class=\"elementor-widget-container\">\n\t\t\t\t\t<h2 class=\"elementor-heading-title elementor-size-default\">\u00bfPor qu\u00e9 elegir un seguro de DKV?<\/h2>\t\t\t\t<\/div>\n\t\t\t\t<\/div>\n\t\t<div class=\"elementor-element elementor-element-ff107ad e-con-full e-flex e-con e-child\" data-id=\"ff107ad\" data-element_type=\"container\" data-e-type=\"container\" data-settings=\"{&quot;background_background&quot;:&quot;classic&quot;}\">\n\t\t\t\t<div class=\"elementor-element elementor-element-7cbf2a6 elementor-view-default elementor-widget elementor-widget-icon\" data-id=\"7cbf2a6\" data-element_type=\"widget\" data-e-type=\"widget\" data-widget_type=\"icon.default\">\n\t\t\t\t<div class=\"elementor-widget-container\">\n\t\t\t\t\t\t\t<div class=\"elementor-icon-wrapper\">\n\t\t\t<div class=\"elementor-icon\">\n\t\t\t<svg aria-hidden=\"true\" class=\"e-font-icon-svg e-fas-check-circle\" viewbox=\"0 0 512 512\" xmlns=\"http:\/\/www.w3.org\/2000\/svg\"><path d=\"M504 256c0 136.967-111.033 248-248 248S8 392.967 8 256 119.033 8 256 8s248 111.033 248 248zM227.314 387.314l184-184c6.248-6.248 6.248-16.379 0-22.627l-22.627-22.627c-6.248-6.249-16.379-6.249-22.628 0L216 308.118l-70.059-70.059c-6.248-6.248-16.379-6.248-22.628 0l-22.627 22.627c-6.248 6.248-6.248 16.379 0 22.627l104 104c6.249 6.249 16.379 6.249 22.628.001z\"><\/path><\/svg>\t\t\t<\/div>\n\t\t<\/div>\n\t\t\t\t\t\t<\/div>\n\t\t\t\t<\/div>\n\t\t\t\t<div class=\"elementor-element elementor-element-bee4de6 elementor-widget elementor-widget-heading\" data-id=\"bee4de6\" data-element_type=\"widget\" data-e-type=\"widget\" data-widget_type=\"heading.default\">\n\t\t\t\t<div class=\"elementor-widget-container\">\n\t\t\t\t\t<h3 class=\"elementor-heading-title elementor-size-default\">M\u00e9dicos y centros<\/h3>\t\t\t\t<\/div>\n\t\t\t\t<\/div>\n\t\t\t\t<div class=\"elementor-element elementor-element-4f9f363 elementor-widget elementor-widget-text-editor\" data-id=\"4f9f363\" data-element_type=\"widget\" data-e-type=\"widget\" data-widget_type=\"text-editor.default\">\n\t\t\t\t<div class=\"elementor-widget-container\">\n\t\t\t\t\t\t\t\t\t<p>M\u00e1s de 51.000 profesionales y 1.000 centros m\u00e9dicos en toda Espa\u00f1a, 23 centros propios y 7 de los 10 mejores hospitales, como Cl\u00ednica Universidad de Navarra (top 1), Quir\u00f3n, Hospitales HM, Vithas, Ruber Juan Bravo y otros.<\/p>\t\t\t\t\t\t\t\t<\/div>\n\t\t\t\t<\/div>\n\t\t\t\t<\/div>\n\t\t<div class=\"elementor-element elementor-element-2854e5b e-con-full e-flex e-con e-child\" data-id=\"2854e5b\" data-element_type=\"container\" data-e-type=\"container\" data-settings=\"{&quot;background_background&quot;:&quot;classic&quot;}\">\n\t\t\t\t<div class=\"elementor-element elementor-element-a8f9339 elementor-view-default elementor-widget elementor-widget-icon\" data-id=\"a8f9339\" data-element_type=\"widget\" data-e-type=\"widget\" data-widget_type=\"icon.default\">\n\t\t\t\t<div class=\"elementor-widget-container\">\n\t\t\t\t\t\t\t<div class=\"elementor-icon-wrapper\">\n\t\t\t<div class=\"elementor-icon\">\n\t\t\t<svg aria-hidden=\"true\" class=\"e-font-icon-svg e-fas-check-circle\" viewbox=\"0 0 512 512\" xmlns=\"http:\/\/www.w3.org\/2000\/svg\"><path d=\"M504 256c0 136.967-111.033 248-248 248S8 392.967 8 256 119.033 8 256 8s248 111.033 248 248zM227.314 387.314l184-184c6.248-6.248 6.248-16.379 0-22.627l-22.627-22.627c-6.248-6.249-16.379-6.249-22.628 0L216 308.118l-70.059-70.059c-6.248-6.248-16.379-6.248-22.628 0l-22.627 22.627c-6.248 6.248-6.248 16.379 0 22.627l104 104c6.249 6.249 16.379 6.249 22.628.001z\"><\/path><\/svg>\t\t\t<\/div>\n\t\t<\/div>\n\t\t\t\t\t\t<\/div>\n\t\t\t\t<\/div>\n\t\t\t\t<div class=\"elementor-element elementor-element-7cafee0 elementor-widget elementor-widget-heading\" data-id=\"7cafee0\" data-element_type=\"widget\" data-e-type=\"widget\" data-widget_type=\"heading.default\">\n\t\t\t\t<div class=\"elementor-widget-container\">\n\t\t\t\t\t<h3 class=\"elementor-heading-title elementor-size-default\">Gran experiencia<\/h3>\t\t\t\t<\/div>\n\t\t\t\t<\/div>\n\t\t\t\t<div class=\"elementor-element elementor-element-b90c31d elementor-widget elementor-widget-text-editor\" data-id=\"b90c31d\" data-element_type=\"widget\" data-e-type=\"widget\" data-widget_type=\"text-editor.default\">\n\t\t\t\t<div class=\"elementor-widget-container\">\n\t\t\t\t\t\t\t\t\t<p>M\u00e1s de 2 millones de clientes en Espa\u00f1a conf\u00edan en DKV y no es casualidad. Desde hace m\u00e1s de 25 a\u00f1os en el mercado, DKV mejora constantemente los servicios y nos preocupamos por tu salud.<\/p>\t\t\t\t\t\t\t\t<\/div>\n\t\t\t\t<\/div>\n\t\t\t\t<\/div>\n\t\t<div class=\"elementor-element elementor-element-9269964 e-con-full e-flex e-con e-child\" data-id=\"9269964\" data-element_type=\"container\" data-e-type=\"container\" data-settings=\"{&quot;background_background&quot;:&quot;classic&quot;}\">\n\t\t\t\t<div class=\"elementor-element elementor-element-e9527a9 elementor-view-default elementor-widget elementor-widget-icon\" data-id=\"e9527a9\" data-element_type=\"widget\" data-e-type=\"widget\" data-widget_type=\"icon.default\">\n\t\t\t\t<div class=\"elementor-widget-container\">\n\t\t\t\t\t\t\t<div class=\"elementor-icon-wrapper\">\n\t\t\t<div class=\"elementor-icon\">\n\t\t\t<svg aria-hidden=\"true\" class=\"e-font-icon-svg e-fas-check-circle\" viewbox=\"0 0 512 512\" xmlns=\"http:\/\/www.w3.org\/2000\/svg\"><path d=\"M504 256c0 136.967-111.033 248-248 248S8 392.967 8 256 119.033 8 256 8s248 111.033 248 248zM227.314 387.314l184-184c6.248-6.248 6.248-16.379 0-22.627l-22.627-22.627c-6.248-6.249-16.379-6.249-22.628 0L216 308.118l-70.059-70.059c-6.248-6.248-16.379-6.248-22.628 0l-22.627 22.627c-6.248 6.248-6.248 16.379 0 22.627l104 104c6.249 6.249 16.379 6.249 22.628.001z\"><\/path><\/svg>\t\t\t<\/div>\n\t\t<\/div>\n\t\t\t\t\t\t<\/div>\n\t\t\t\t<\/div>\n\t\t\t\t<div class=\"elementor-element elementor-element-4f07142 elementor-widget elementor-widget-heading\" data-id=\"4f07142\" data-element_type=\"widget\" data-e-type=\"widget\" data-widget_type=\"heading.default\">\n\t\t\t\t<div class=\"elementor-widget-container\">\n\t\t\t\t\t<h3 class=\"elementor-heading-title elementor-size-default\">tipos de seguro<\/h3>\t\t\t\t<\/div>\n\t\t\t\t<\/div>\n\t\t\t\t<div class=\"elementor-element elementor-element-9512209 elementor-widget elementor-widget-text-editor\" data-id=\"9512209\" data-element_type=\"widget\" data-e-type=\"widget\" data-widget_type=\"text-editor.default\">\n\t\t\t\t<div class=\"elementor-widget-container\">\n\t\t\t\t\t\t\t\t\t<p>Adem\u00e1s de seguros de salud, DKV ofrece seguros de vida, seguros de accidentes, coberturas dentales, seguros de propiedad y otros servicios, permitiendo combinar todas las p\u00f3lizas necesarias en una sola compa\u00f1\u00eda, simplificando la gesti\u00f3n de seguros.<\/p>\t\t\t\t\t\t\t\t<\/div>\n\t\t\t\t<\/div>\n\t\t\t\t<\/div>\n\t\t<div class=\"elementor-element elementor-element-5a42f39 e-con-full e-flex e-con e-child\" data-id=\"5a42f39\" data-element_type=\"container\" data-e-type=\"container\" data-settings=\"{&quot;background_background&quot;:&quot;classic&quot;}\">\n\t\t\t\t<div class=\"elementor-element elementor-element-1fea8d3 elementor-view-default elementor-widget elementor-widget-icon\" data-id=\"1fea8d3\" data-element_type=\"widget\" data-e-type=\"widget\" data-widget_type=\"icon.default\">\n\t\t\t\t<div class=\"elementor-widget-container\">\n\t\t\t\t\t\t\t<div class=\"elementor-icon-wrapper\">\n\t\t\t<div class=\"elementor-icon\">\n\t\t\t<svg aria-hidden=\"true\" class=\"e-font-icon-svg e-fas-check-circle\" viewbox=\"0 0 512 512\" xmlns=\"http:\/\/www.w3.org\/2000\/svg\"><path d=\"M504 256c0 136.967-111.033 248-248 248S8 392.967 8 256 119.033 8 256 8s248 111.033 248 248zM227.314 387.314l184-184c6.248-6.248 6.248-16.379 0-22.627l-22.627-22.627c-6.248-6.249-16.379-6.249-22.628 0L216 308.118l-70.059-70.059c-6.248-6.248-16.379-6.248-22.628 0l-22.627 22.627c-6.248 6.248-6.248 16.379 0 22.627l104 104c6.249 6.249 16.379 6.249 22.628.001z\"><\/path><\/svg>\t\t\t<\/div>\n\t\t<\/div>\n\t\t\t\t\t\t<\/div>\n\t\t\t\t<\/div>\n\t\t\t\t<div class=\"elementor-element elementor-element-9e0712d elementor-widget elementor-widget-heading\" data-id=\"9e0712d\" data-element_type=\"widget\" data-e-type=\"widget\" data-widget_type=\"heading.default\">\n\t\t\t\t<div class=\"elementor-widget-container\">\n\t\t\t\t\t<h3 class=\"elementor-heading-title elementor-size-default\">Tr\u00e1mites en l\u00ednea<\/h3>\t\t\t\t<\/div>\n\t\t\t\t<\/div>\n\t\t\t\t<div class=\"elementor-element elementor-element-5ffb834 elementor-widget elementor-widget-text-editor\" data-id=\"5ffb834\" data-element_type=\"widget\" data-e-type=\"widget\" data-widget_type=\"text-editor.default\">\n\t\t\t\t<div class=\"elementor-widget-container\">\n\t\t\t\t\t\t\t\t\t<p>DKV est\u00e1 implementando activamente la telemedicina y las consultas online, lo que hace que la atenci\u00f3n m\u00e9dica sea m\u00e1s accesible y c\u00f3moda, especialmente en situaciones de emergencia.<\/p>\t\t\t\t\t\t\t\t<\/div>\n\t\t\t\t<\/div>\n\t\t\t\t<\/div>\n\t\t\t\t\t<\/div>\n\t\t\t\t<\/div>\n\t\t\t\t<\/div>","protected":false},"excerpt":{"rendered":"<p>\u0421\u0442\u0440\u0430\u0445\u043e\u0432\u0430 \u043a\u043e\u043c\u043f\u0430\u043d\u0456\u044f DKV \u2014 \u0446\u0435 \u043d\u0456\u043c\u0435\u0446\u044c\u043a\u0430 \u0441\u0442\u0440\u0430\u0445\u043e\u0432\u0430 \u043a\u043e\u043c\u043f\u0430\u043d\u0456\u044f, \u044f\u043a\u0430 \u0437\u0430\u0441\u043d\u043e\u0432\u0430\u043d\u0430 \u043f\u043e\u043d\u0430\u0434 130 \u0440\u043e\u043a\u0456\u0432 \u0442\u043e\u043c\u0443, \u0430 \u0432 \u0406\u0441\u043f\u0430\u043d\u0456\u0457 \u0432\u043e\u043d\u0430 \u043f\u0440\u0430\u0446\u044e\u0454 \u0437 1998 \u0440\u043e\u043a\u0443. \u0412\u043e\u043d\u0430 \u0454 \u0447\u0430\u0441\u0442\u0438\u043d\u043e\u044e \u043c\u0456\u0436\u043d\u0430\u0440\u043e\u0434\u043d\u043e\u0457 \u0433\u0440\u0443\u043f\u0438 ERGO, \u043e\u0434\u043d\u0456\u0454\u0457 \u0437 \u043d\u0430\u0439\u0431\u0456\u043b\u044c\u0448\u0438\u0445 \u0441\u0442\u0440\u0430\u0445\u043e\u0432\u0438\u0445 \u0433\u0440\u0443\u043f \u0432 \u0404\u0432\u0440\u043e\u043f\u0456. DKV \u043c\u0430\u0454 \u0432\u0435\u043b\u0438\u043a\u0443 \u043f\u0440\u0438\u0441\u0443\u0442\u043d\u0456\u0441\u0442\u044c \u0443 \u043a\u0456\u043b\u044c\u043a\u043e\u0445 \u043a\u0440\u0430\u0457\u043d\u0430\u0445, \u0432\u043a\u043b\u044e\u0447\u0430\u044e\u0447\u0438 \u0406\u0441\u043f\u0430\u043d\u0456\u044e, \u0434\u0435 \u043a\u043e\u043c\u043f\u0430\u043d\u0456\u044f \u043d\u0430\u0434\u0430\u0454 \u0448\u0438\u0440\u043e\u043a\u0438\u0439 \u0441\u043f\u0435\u043a\u0442\u0440 \u0441\u0442\u0440\u0430\u0445\u043e\u0432\u0438\u0445 \u043f\u043e\u0441\u043b\u0443\u0433, \u043e\u0441\u043e\u0431\u043b\u0438\u0432\u043e \u0443 \u0441\u0444\u0435\u0440\u0456 \u043e\u0445\u043e\u0440\u043e\u043d\u0438 [&hellip;]<\/p>\n","protected":false},"author":1,"featured_media":0,"parent":0,"menu_order":0,"comment_status":"closed","ping_status":"closed","template":"","meta":{"_acf_changed":false,"footnotes":""},"class_list":["post-124","page","type-page","status-publish","hentry"],"acf":[],"_links":{"self":[{"href":"https:\/\/seguro.expert\/es\/wp-json\/wp\/v2\/pages\/124","targetHints":{"allow":["GET"]}}],"collection":[{"href":"https:\/\/seguro.expert\/es\/wp-json\/wp\/v2\/pages"}],"about":[{"href":"https:\/\/seguro.expert\/es\/wp-json\/wp\/v2\/types\/page"}],"author":[{"embeddable":true,"href":"https:\/\/seguro.expert\/es\/wp-json\/wp\/v2\/users\/1"}],"replies":[{"embeddable":true,"href":"https:\/\/seguro.expert\/es\/wp-json\/wp\/v2\/comments?post=124"}],"version-history":[{"count":3,"href":"https:\/\/seguro.expert\/es\/wp-json\/wp\/v2\/pages\/124\/revisions"}],"predecessor-version":[{"id":864,"href":"https:\/\/seguro.expert\/es\/wp-json\/wp\/v2\/pages\/124\/revisions\/864"}],"wp:attachment":[{"href":"https:\/\/seguro.expert\/es\/wp-json\/wp\/v2\/media?parent=124"}],"curies":[{"name":"wp","href":"https:\/\/api.w.org\/{rel}","templated":true}]}}