{"id":834,"date":"2025-01-13T10:25:11","date_gmt":"2025-01-13T10:25:11","guid":{"rendered":"https:\/\/seguro.expert\/?page_id=834"},"modified":"2025-01-13T10:34:02","modified_gmt":"2025-01-13T10:34:02","slug":"vertraulichkeitsrichtlinie","status":"publish","type":"page","link":"https:\/\/seguro.expert\/de\/vertraulichkeitsrichtlinie\/","title":{"rendered":"Datenschutzrichtlinie"},"content":{"rendered":"<div data-elementor-type=\"wp-page\" data-elementor-id=\"834\" class=\"elementor elementor-834\" data-elementor-post-type=\"page\">\n\t\t\t\t<div class=\"elementor-element elementor-element-8204104 e-flex e-con-boxed e-con e-parent\" data-id=\"8204104\" data-element_type=\"container\" data-e-type=\"container\">\n\t\t\t\t\t<div class=\"e-con-inner\">\n\t\t\t\t<div class=\"elementor-element elementor-element-55f50e0 elementor-widget elementor-widget-text-editor\" data-id=\"55f50e0\" data-element_type=\"widget\" data-e-type=\"widget\" data-widget_type=\"text-editor.default\">\n\t\t\t\t<div class=\"elementor-widget-container\">\n\t\t\t\t\t\t\t\t\t<p><strong>Letzte Aktualisierung: 13.01.2025<\/strong><\/p>\t\t\t\t\t\t\t\t<\/div>\n\t\t\t\t<\/div>\n\t\t\t\t<div class=\"elementor-element elementor-element-43e8ff3 elementor-widget elementor-widget-text-editor\" data-id=\"43e8ff3\" data-element_type=\"widget\" data-e-type=\"widget\" data-widget_type=\"text-editor.default\">\n\t\t\t\t<div class=\"elementor-widget-container\">\n\t\t\t\t\t\t\t\t\t<p>Diese Datenschutzerkl\u00e4rung erl\u00e4utert, wie wir Ihre personenbezogenen Daten gem\u00e4\u00df der Verordnung (EU) 2016\/679 (DSGVO) und anderen anwendbaren Gesetzen erfassen, verwenden und sch\u00fctzen.<\/p><h2><strong>1. Verantwortliche Person<\/strong><\/h2><p>Die f\u00fcr die Verarbeitung Ihrer personenbezogenen Daten verantwortliche Person ist:<br \/><strong>Name und Nachname:<\/strong> Olesya Brych<br \/><strong>E-Mail:<\/strong> <a href=\"mailto:info@seguro.expert\">info@seguro.expert<\/a><\/p><h2><strong>2. Welche Daten erheben wir?<\/strong><\/h2><p>Wir k\u00f6nnen folgende Kategorien personenbezogener Daten erheben:<\/p><ul><li><strong>Pers\u00f6nliche Daten:<\/strong> Vorname, Nachname, Geburtsdatum.<\/li><li><strong>Kontaktdaten:<\/strong> E-Mail-Adresse, Telefonnummer, Anschrift.<\/li><li><strong>Technische Daten:<\/strong> IP-Adresse, Browsertyp, Zeitpunkt des Website-Besuchs, Cookies.<\/li><\/ul><h2><strong>3. Wie wir Ihre Daten erfassen<\/strong><\/h2><p>Wir erhalten Ihre Daten \u00fcber folgende Wege:<\/p><ul><li>Formulare auf der Website (Kontaktformular, Formular zur Ausstellung von Versicherungspolicen).<\/li><li>E-Mails und Telefonanrufe.<\/li><li>Automatische Datenerfassung durch Cookies.<\/li><\/ul><h2><strong>4. Warum wir Ihre Daten erfassen<\/strong><\/h2><p>Wir verwenden Ihre Daten f\u00fcr folgende Zwecke:<\/p><ul><li>Wir bieten Versicherungsberatungen an und stellen Versicherungspolicen aus.<\/li><li>Erf\u00fcllung rechtlicher Verpflichtungen.<\/li><li>Kontaktaufnahme mit Kunden zur Aktualisierung von Informationen \u00fcber Versicherungspolicen.<\/li><li>Optimierung der Website und Verbesserung des Kundenerlebnisses.<\/li><\/ul><h2><strong>5. Auf welcher Grundlage verarbeiten wir Daten?<\/strong><\/h2><p>Wir verarbeiten Ihre Daten auf folgender Grundlage:<\/p><ol><li><strong>Vertragsabwicklung<\/strong> \u2013 wenn es notwendig ist, eine Versicherungspolice auszustellen.<\/li><li><strong>Berechtigte Interessen<\/strong> \u2013 Verbesserung der Servicequalit\u00e4t und des Datenschutzes.<\/li><li><strong>Ihre Zustimmung<\/strong> \u2013 um Marketingmaterialien zu erhalten.<\/li><\/ol><h2><strong>6. An wen geben wir Ihre Daten weiter?<\/strong><\/h2><p>Wir verkaufen oder \u00fcbermitteln Ihre Daten nicht an Dritte, au\u00dfer in folgenden F\u00e4llen:<\/p><ul><li>Offizieller Versicherer (DKV) f\u00fcr die Ausstellung von Versicherungspolicen.<\/li><li>Dritte, sofern dies gesetzlich vorgeschrieben ist (z. B. Regierungsbeh\u00f6rden).<\/li><\/ul><h2><strong>7. Datenspeicherung<\/strong><\/h2><p>Wir speichern Ihre Daten so lange, wie es zur Erf\u00fcllung der in dieser Richtlinie dargelegten Zwecke erforderlich ist:<\/p><ul><li>Die Daten zur Ausstellung von Versicherungspolicen werden nach Ablauf der Police noch 5 Jahre lang gespeichert.<\/li><li>Technische Daten (Cookies) werden bis zu 12 Monate lang gespeichert.<\/li><\/ul><h2><strong>8. Ihre Rechte<\/strong><\/h2><p>Sie haben das Recht:<\/p><ul><li>Beantragen Sie die Berichtigung oder L\u00f6schung Ihrer Daten.<\/li><li>Widerspruch gegen die Datenverarbeitung zu Marketingzwecken.<\/li><li>\u00dcbertragen Sie Ihre Daten an eine andere Organisation.<\/li><li>Widerruf der Einwilligung zur Datenverarbeitung.<\/li><\/ul><p>Um diese Rechte auszu\u00fcben, wenden Sie sich bitte an: <a href=\"mailto:info@seguro.expert\"><b>info@seguro.expert<\/b><\/a><\/p><h2><strong>9. Datenschutz<\/strong><\/h2><p>Wir setzen technische und organisatorische Ma\u00dfnahmen zum Schutz Ihrer Daten ein:<\/p><ul><li>Datenverschl\u00fcsselung (SSL\/HTTPS).<\/li><li>Datenbanken mit Passw\u00f6rtern sch\u00fctzen.<\/li><li>Zugriff auf personenbezogene Daten kontrollieren.<\/li><\/ul><h2><strong>10. Verwendung von Cookies<\/strong><\/h2><p>Unsere Website verwendet Cookies, um statistische Daten zu erfassen und die Leistung der Website zu verbessern. Sie k\u00f6nnen die Cookie-Einstellungen in Ihrem Browser \u00e4ndern.<\/p><h2><strong>11. \u00c4nderungen der Datenschutzrichtlinie<\/strong><\/h2><p>Wir behalten uns vor, diese Datenschutzrichtlinie zu aktualisieren. Aktualisierungen werden auf dieser Seite ver\u00f6ffentlicht. Wir empfehlen Ihnen, diese Seite regelm\u00e4\u00dfig zu besuchen.<\/p><h3><strong>Kontakte<\/strong><\/h3><p>Bei Fragen zur Datenverarbeitung kontaktieren Sie uns bitte:<br \/><strong>E-Mail:<\/strong> <a href=\"mailto:info@seguro.expert\">info@seguro.expert<\/a><\/p>\t\t\t\t\t\t\t\t<\/div>\n\t\t\t\t<\/div>\n\t\t\t\t\t<\/div>\n\t\t\t\t<\/div>\n\t\t\t\t<\/div>","protected":false},"excerpt":{"rendered":"<p>\u041e\u0441\u0442\u0430\u043d\u043d\u0454 \u043e\u043d\u043e\u0432\u043b\u0435\u043d\u043d\u044f: 13.01.2025 \u0426\u044f \u041f\u043e\u043b\u0456\u0442\u0438\u043a\u0430 \u043a\u043e\u043d\u0444\u0456\u0434\u0435\u043d\u0446\u0456\u0439\u043d\u043e\u0441\u0442\u0456 \u043f\u043e\u044f\u0441\u043d\u044e\u0454, \u044f\u043a \u043c\u0438 \u0437\u0431\u0438\u0440\u0430\u0454\u043c\u043e, \u0432\u0438\u043a\u043e\u0440\u0438\u0441\u0442\u043e\u0432\u0443\u0454\u043c\u043e \u0442\u0430 \u0437\u0430\u0445\u0438\u0449\u0430\u0454\u043c\u043e \u0432\u0430\u0448\u0443 \u043f\u0435\u0440\u0441\u043e\u043d\u0430\u043b\u044c\u043d\u0443 \u0456\u043d\u0444\u043e\u0440\u043c\u0430\u0446\u0456\u044e \u0432\u0456\u0434\u043f\u043e\u0432\u0456\u0434\u043d\u043e \u0434\u043e \u0420\u0435\u0433\u043b\u0430\u043c\u0435\u043d\u0442\u0443 (\u0404\u0421) 2016\/679 (GDPR) \u0442\u0430 \u0456\u043d\u0448\u043e\u0433\u043e \u0447\u0438\u043d\u043d\u043e\u0433\u043e \u0437\u0430\u043a\u043e\u043d\u043e\u0434\u0430\u0432\u0441\u0442\u0432\u0430. 1. \u0412\u0456\u0434\u043f\u043e\u0432\u0456\u0434\u0430\u043b\u044c\u043d\u0430 \u043e\u0441\u043e\u0431\u0430 \u0412\u0456\u0434\u043f\u043e\u0432\u0456\u0434\u0430\u043b\u044c\u043d\u0438\u043c \u0437\u0430 \u043e\u0431\u0440\u043e\u0431\u043a\u0443 \u0432\u0430\u0448\u0438\u0445 \u043f\u0435\u0440\u0441\u043e\u043d\u0430\u043b\u044c\u043d\u0438\u0445 \u0434\u0430\u043d\u0438\u0445 \u0454:\u0406\u043c\u2019\u044f \u0442\u0430 \u043f\u0440\u0456\u0437\u0432\u0438\u0449\u0435: \u041e\u043b\u0435\u0441\u044f \u0411\u0440\u0438\u0447\u0415\u043b\u0435\u043a\u0442\u0440\u043e\u043d\u043d\u0430 \u043f\u043e\u0448\u0442\u0430: info@seguro.expert 2. \u042f\u043a\u0456 \u0434\u0430\u043d\u0456 \u043c\u0438 \u0437\u0431\u0438\u0440\u0430\u0454\u043c\u043e \u041c\u0438 \u043c\u043e\u0436\u0435\u043c\u043e \u0437\u0431\u0438\u0440\u0430\u0442\u0438 \u0442\u0430\u043a\u0456 \u043a\u0430\u0442\u0435\u0433\u043e\u0440\u0456\u0457 \u043f\u0435\u0440\u0441\u043e\u043d\u0430\u043b\u044c\u043d\u0438\u0445 \u0434\u0430\u043d\u0438\u0445: \u041e\u0441\u043e\u0431\u0438\u0441\u0442\u0430 [&hellip;]<\/p>\n","protected":false},"author":1,"featured_media":0,"parent":0,"menu_order":1,"comment_status":"closed","ping_status":"closed","template":"","meta":{"_acf_changed":false,"footnotes":""},"class_list":["post-834","page","type-page","status-publish","hentry"],"acf":[],"_links":{"self":[{"href":"https:\/\/seguro.expert\/de\/wp-json\/wp\/v2\/pages\/834","targetHints":{"allow":["GET"]}}],"collection":[{"href":"https:\/\/seguro.expert\/de\/wp-json\/wp\/v2\/pages"}],"about":[{"href":"https:\/\/seguro.expert\/de\/wp-json\/wp\/v2\/types\/page"}],"author":[{"embeddable":true,"href":"https:\/\/seguro.expert\/de\/wp-json\/wp\/v2\/users\/1"}],"replies":[{"embeddable":true,"href":"https:\/\/seguro.expert\/de\/wp-json\/wp\/v2\/comments?post=834"}],"version-history":[{"count":3,"href":"https:\/\/seguro.expert\/de\/wp-json\/wp\/v2\/pages\/834\/revisions"}],"predecessor-version":[{"id":840,"href":"https:\/\/seguro.expert\/de\/wp-json\/wp\/v2\/pages\/834\/revisions\/840"}],"wp:attachment":[{"href":"https:\/\/seguro.expert\/de\/wp-json\/wp\/v2\/media?parent=834"}],"curies":[{"name":"wp","href":"https:\/\/api.w.org\/{rel}","templated":true}]}}